{"id":103235,"date":"2022-09-20T09:27:59","date_gmt":"2022-09-20T09:27:59","guid":{"rendered":"http:\/\/demolive.xanasystem.com\/\/en\/?page_id=103235"},"modified":"2022-09-26T10:22:25","modified_gmt":"2022-09-26T10:22:25","slug":"cookies-policy","status":"publish","type":"page","link":"https:\/\/demolive.xanasystem.com\/\/en\/cookies-policy\/","title":{"rendered":"Cookies Policy"},"content":{"rendered":"<p>[vc_row][vc_column width=&#8221;1\/1&#8243;][vc_custom_heading]COOKIES POLICY[\/vc_custom_heading][\/vc_column][\/vc_row][vc_row][vc_column width=&#8221;1\/1&#8243;][vc_accordion active_tab=&#8221;1&#8243;][vc_accordion_tab gutter_size=&#8221;2&#8243; column_padding=&#8221;2&#8243; title=&#8221;General Cookie Information&#8221; tab_id=&#8221;1590394928-1-676f25-dc0e&#8221;][vc_custom_heading heading_semantic=&#8221;h3&#8243; text_size=&#8221;h4&#8243; sub_reduced=&#8221;yes&#8221; subheading=&#8221;User trust is important to us, and therefore, at XXXXXX we are concerned about protecting your privacy. An important aspect of this is to provide you with as much information as possible about how we use your personal data, including how we use local data storage and similar technology.<\/p>\n<div>Local data storage involves storing different types of data locally on your device through your web browser. Locally stored data may, for example, contain user settings, information about how you navigate our website, which web browser you use, what advertisements have been displayed, and similar behavior on websites with which we collaborate. Locally stored data can be used to customize the content and functions in our services so that your visits are more comfortable and meaningful.<\/div>\n<div>One method of local data storage is cookies. Cookies are small text files stored on your device (PC, mobile phone or tablet) that allow us to recognize your web browser. Cookies contain information primarily about your web browser and any activity that has occurred on it. They help us to ensure the security and optimal functioning of our website, once you leave our website these are deleted (security cookies and session cookies) and collect information about the products that interest our Internet visitors and how they navigate through our website to make our online offers more attractive to users (tracking cookies).&#8221;][\/vc_custom_heading][\/vc_accordion_tab][vc_accordion_tab gutter_size=&#8221;2&#8243; column_padding=&#8221;2&#8243; title=&#8221;Cookies Complementary Information&#8221; tab_id=&#8221;1590394928-2-976f25-dc0e&#8221;][vc_custom_heading heading_semantic=&#8221;h3&#8243; text_size=&#8221;h4&#8243; sub_reduced=&#8221;yes&#8221; subheading=&#8221;We use local data storage for a variety of purposes, such as: to enable us to perform our services; to provide you with relevant, personalized content when you visit our websites; to measure and analyze traffic on our website; to improve our services; and to target targeted advertising. More details on these topics are provided below:&#8221;][\/vc_custom_heading][vc_empty_space empty_h=&#8221;2&#8243;][vc_row_inner][vc_column_inner column_width_percent=&#8221;90&#8243; gutter_size=&#8221;3&#8243; overlay_alpha=&#8221;50&#8243; shift_x=&#8221;0&#8243; shift_y=&#8221;0&#8243; shift_y_down=&#8221;0&#8243; z_index=&#8221;0&#8243; medium_width=&#8221;0&#8243; mobile_width=&#8221;0&#8243; width=&#8221;1\/1&#8243;][vc_column_text]For our advertising<\/div>\n<div>We use local data storage in connection with advertising activities. This allows us to know whether and how often the user has seen an ad or a certain type of ad, and how long it has been viewed.<\/div>\n<div>We also use local data storage to build segments and target groups for marketing purposes and to target specific ads.[\/vc_column_text][\/vc_column_inner][\/vc_row_inner][vc_empty_space empty_h=&#8221;2&#8243;][vc_row_inner][vc_column_inner column_width_percent=&#8221;90&#8243; gutter_size=&#8221;3&#8243; overlay_alpha=&#8221;50&#8243; shift_x=&#8221;0&#8243; shift_y=&#8221;0&#8243; shift_y_down=&#8221;0&#8243; z_index=&#8221;0&#8243; medium_width=&#8221;0&#8243; mobile_width=&#8221;0&#8243; width=&#8221;1\/1&#8243;][vc_column_text]To analyze and improve our services:<\/div>\n<div>We use a variety of measurement tools that provide us with statistics and analysis relating to our services. These tools allow us to recognize the web browser over time and to find out whether the user has visited the website before and if so, how often. These tools give us the ability to gain an overview of how many unique users we have and how they use our services.<\/div>\n<div>We also use the information we have collected and analysed to develop and improve our services, for example, by finding out which services generate a lot of traffic or whether a service is working optimally.[\/vc_column_text][\/vc_column_inner][\/vc_row_inner][vc_empty_space empty_h=&#8221;2&#8243;][vc_row_inner][vc_column_inner column_width_percent=&#8221;90&#8243; gutter_size=&#8221;3&#8243; overlay_alpha=&#8221;50&#8243; shift_x=&#8221;0&#8243; shift_y=&#8221;0&#8243; shift_y_down=&#8221;0&#8243; z_index=&#8221;0&#8243; medium_width=&#8221;0&#8243; mobile_width=&#8221;0&#8243; width=&#8221;1\/1&#8243;][vc_column_text]To deliver and tailor services to your use:<\/div>\n<div>Local data storage is required and necessary in order to allow you to use our services, such as information about your configuration, which tells us how the services should be presented in your web browser.<\/div>\n<div>We also use local data storage to tailor our services to your best use.[\/vc_column_text][\/vc_column_inner][\/vc_row_inner][\/vc_accordion_tab][vc_accordion_tab gutter_size=&#8221;2&#8243; column_padding=&#8221;2&#8243; title=&#8221;Cookies used by this website&#8221; tab_id=&#8221;1603375157219-9-8&#8243;][vc_column_text]Cookies propias<\/div>\n<div>PHPSESSID: Cookie t\u00e9cnica y estrictamente necesaria que contiene el identificador de la sesi\u00f3n. Se elimina al cerrar el navegador.<\/div>\n<div>tk_ai: Almacena un ID an\u00f3nimo generado de manera aleatoria. Este solamente se utiliza dentro del \u00e1mbito de la administraci\u00f3n y se utiliza para el seguimiento de an\u00e1lisis generales. Se elimina al cerrar el navegador.<\/div>\n<div>uncode_privacy: Cookie t\u00e9cnica. Se guarda en su navegador y no recopila ninguna informaci\u00f3n personal.<\/div>\n<div>woocommerce_cart_hash:Ayuda a la web a determinar cu\u00e1ndo cambian los datos o el contenido del carrito. Se elimina al cerrar el navegador.<\/div>\n<div>woocommerce_items_in_cart: Ayuda a la web a determinar cu\u00e1ndo cambian los datos o el contenido del carrito. Se elimina al cerrar el navegador.<\/div>\n<div>wom_icat_favorites: Almacena informaci\u00f3n de los productos a\u00f1adidos al m\u00f3dulo Favoritos.<\/div>\n<div>Cookies de Terceros<\/div>\n<div>_ga: Cookie de Google Analytics que habilita la funci\u00f3n de control de visitas \u00fanicas. La primera vez que un usuario entre en el sitio web a trav\u00e9s de un navegador se instalar\u00e1 esta cookie. Cuando este usuario vuelva a entrar en la web con el mismo navegador, la cookie considerar\u00e1 que es el mismo usuario. Solo en el caso de que el usuario cambie de navegador, se considerar\u00e1 otro usuario. Caduca a los 2 a\u00f1os desde la \u00faltima actualizaci\u00f3n. M\u00e1s informaci\u00f3n del tratamiento realizado por Google Analytics aqu\u00ed.<\/div>\n<div>_gid: Cookie de Google Analytics. Se utiliza para distinguir a los usuarios. Caduca a las 24 horas.<\/div>\n<div>_gat: Cookie de Google Analytics. Se utiliza para limitar la velocidad de petici\u00f3n, es decir, la limitaci\u00f3n de la recogida de datos en los sitios de alto tr\u00e1fico. Caduca a los 10 minutos.<\/div>\n<div>[\/vc_column_text][\/vc_accordion_tab][vc_accordion_tab gutter_size=&#8221;2&#8243; column_padding=&#8221;2&#8243; title=&#8221;Management of cookies&#8221; tab_id=&#8221;1590396078023-2-16f25-dc0e&#8221;][vc_custom_heading heading_semantic=&#8221;h3&#8243; text_size=&#8221;h4&#8243; sub_reduced=&#8221;yes&#8221; subheading=&#8221;You can disable cookies or set your browser to notify you when a cookie is sent to you.<\/div>\n<div>The settings on your web browser usually show a list of all cookies that have been stored to give you an overview and, if you wish, to delete unwanted cookies. Normally, you can indicate that you accept cookie storage from the websites you visit or from third parties affiliated with those websites. You may also choose to be notified each time a new cookie is stored. You are then provided with guidance on how to do this in different web browsers. Your web browser normally stores cookies in a specific folder on your hard drive, so that you can also examine the content in more detail.<\/div>\n<div>However, the cookies that are present on the website change frequently, and not all cookies are equally important. Therefore, if XXXXXX changes the use of tracking cookies, you will be notified with a message.<\/div>\n<div>In addition, services are available that have been specially developed to provide users with an updated list of cookies and other tracking mechanisms.<\/div>\n<div>Please note that if you deactivate them, you may not be able to enjoy all the features of our website.<\/div>\n<div>Below is a summary of how locally stored data can be managed in different web browsers. Please note that this process may change and that the descriptions given here may not be up to date.&#8221;][\/vc_custom_heading][\/vc_accordion_tab][vc_accordion_tab gutter_size=&#8221;2&#8243; column_padding=&#8221;2&#8243; title=&#8221;Managing cookies in Google Chrome&#8221; tab_id=&#8221;1590396273114-3-06f25-dc0e&#8221;][vc_row_inner][vc_column_inner column_width_percent=&#8221;90&#8243; gutter_size=&#8221;3&#8243; overlay_alpha=&#8221;50&#8243; shift_x=&#8221;0&#8243; shift_y=&#8221;0&#8243; shift_y_down=&#8221;0&#8243; z_index=&#8221;0&#8243; medium_width=&#8221;0&#8243; mobile_width=&#8221;0&#8243; width=&#8221;1\/1&#8243;][vc_column_text]How to delete cookies:<\/div>\n<div>Go to Settings in your browser menu.<\/div>\n<div>Click Show Advanced Settings.<\/div>\n<div>Click Clear Browsing Data.<\/div>\n<div>Select the time period for which you want to delete the information from the menu at the top. If you want to delete all cookies in your browser, click From the source of times.<\/div>\n<div>Mark Cookies and other site data and add-ons.<\/div>\n<div>Click Clear browsing data.<\/div>\n<div>Close the window.<\/div>\n<div>[\/vc_column_text][\/vc_column_inner][\/vc_row_inner][vc_empty_space empty_h=&#8221;1&#8243;][vc_row_inner][vc_column_inner column_width_percent=&#8221;90&#8243; gutter_size=&#8221;3&#8243; overlay_alpha=&#8221;50&#8243; shift_x=&#8221;0&#8243; shift_y=&#8221;0&#8243; shift_y_down=&#8221;0&#8243; z_index=&#8221;0&#8243; medium_width=&#8221;0&#8243; mobile_width=&#8221;0&#8243; width=&#8221;1\/1&#8243;][vc_column_text]How to prevent cookies from being stored in your web browser:<\/div>\n<div>Go to Settings in your browser menu.<\/div>\n<div>Click Show advanced settings, and then click Content settings.<\/div>\n<div>Under Cookies, select your preferred option. If you want to prevent all cookies from being stored, click Don&#8217;t allow site data to be saved.<\/div>\n<div>Click Done<\/div>\n<div>Close the window.<\/div>\n<div>[\/vc_column_text][\/vc_column_inner][\/vc_row_inner][\/vc_accordion_tab][vc_accordion_tab gutter_size=&#8221;2&#8243; column_padding=&#8221;2&#8243; title=&#8221;Managing Cookies in Safari&#8221; tab_id=&#8221;1590397178540-4-46f25-dc0e&#8221;][vc_row_inner][vc_column_inner column_width_percent=&#8221;90&#8243; gutter_size=&#8221;3&#8243; overlay_alpha=&#8221;50&#8243; shift_x=&#8221;0&#8243; shift_y=&#8221;0&#8243; shift_y_down=&#8221;0&#8243; z_index=&#8221;0&#8243; medium_width=&#8221;0&#8243; mobile_width=&#8221;0&#8243; width=&#8221;1\/1&#8243;][vc_column_text]How to delete cookies:<\/div>\n<div>Go to Preferences in your browser menu.<\/div>\n<div>Click the Privacy tab.<\/div>\n<div>Click Remove all data from websites, and then click Remove to remove all cookies.<\/div>\n<div>Close the window.<\/div>\n<div>[\/vc_column_text][\/vc_column_inner][\/vc_row_inner][vc_empty_space empty_h=&#8221;2&#8243;][vc_row_inner][vc_column_inner column_width_percent=&#8221;90&#8243; gutter_size=&#8221;3&#8243; overlay_alpha=&#8221;50&#8243; shift_x=&#8221;0&#8243; shift_y=&#8221;0&#8243; shift_y_down=&#8221;0&#8243; z_index=&#8221;0&#8243; medium_width=&#8221;0&#8243; mobile_width=&#8221;0&#8243; width=&#8221;1\/1&#8243;][vc_column_text]How to prevent cookies from being stored in your web browser:<\/div>\n<div>Go to Preferences in your browser menu<\/div>\n<div>Click the Privacy tab.<\/div>\n<div>Under Cookies and website data select your preferred option. If you want to prevent all cookies from being stored, click Always block.<\/div>\n<div>Close the window.<\/div>\n<div>[\/vc_column_text][\/vc_column_inner][\/vc_row_inner][\/vc_accordion_tab][vc_accordion_tab gutter_size=&#8221;2&#8243; column_padding=&#8221;2&#8243; title=&#8221;Managing Cookies in Mozilla Firefox&#8221; tab_id=&#8221;1590475206302-6-10&#8243;][vc_row_inner][vc_column_inner column_width_percent=&#8221;90&#8243; gutter_size=&#8221;3&#8243; overlay_alpha=&#8221;50&#8243; shift_x=&#8221;0&#8243; shift_y=&#8221;0&#8243; shift_y_down=&#8221;0&#8243; z_index=&#8221;0&#8243; medium_width=&#8221;0&#8243; mobile_width=&#8221;0&#8243; width=&#8221;1\/1&#8243;][vc_column_text]How to delete cookies:<\/div>\n<div>Go to Options in your browser menu.<\/div>\n<div>Click the Privacy tab.<\/div>\n<div>Click Show cookies.<\/div>\n<div>Select the cookies you&#8217;d like to delete and click Delete selected. Click Delete all if you want to delete all cookies in your web browser.<\/div>\n<div>Close the window. Any changes you&#8217;ve made are automatically saved.<\/div>\n<div>[\/vc_column_text][\/vc_column_inner][\/vc_row_inner][vc_empty_space empty_h=&#8221;2&#8243;][vc_row_inner][vc_column_inner column_width_percent=&#8221;90&#8243; gutter_size=&#8221;3&#8243; overlay_alpha=&#8221;50&#8243; shift_x=&#8221;0&#8243; shift_y=&#8221;0&#8243; shift_y_down=&#8221;0&#8243; z_index=&#8221;0&#8243; medium_width=&#8221;0&#8243; mobile_width=&#8221;0&#8243; width=&#8221;1\/1&#8243;][vc_column_text]How to prevent cookies from being stored in your web browser:<\/div>\n<div>Go to Settings in your browser menu.<\/div>\n<div>Select the Privacy tab.<\/div>\n<div>Under History, click Use custom settings for history.<\/div>\n<div>Select your preferred options under Allow website cookies. If you want to prevent all cookies from being stored, clear the Accept website cookies check box.<\/div>\n<div>Close the window. Any changes you&#8217;ve made are automatically saved.<\/div>\n<div>[\/vc_column_text][\/vc_column_inner][\/vc_row_inner][\/vc_accordion_tab][vc_accordion_tab gutter_size=&#8221;2&#8243; column_padding=&#8221;2&#8243; title=&#8221;Managing Cookies in Internet Explorer&#8221; tab_id=&#8221;1590475494753-7-7&#8243;][vc_row_inner][vc_column_inner column_width_percent=&#8221;90&#8243; gutter_size=&#8221;3&#8243; overlay_alpha=&#8221;50&#8243; shift_x=&#8221;0&#8243; shift_y=&#8221;0&#8243; shift_y_down=&#8221;0&#8243; z_index=&#8221;0&#8243; medium_width=&#8221;0&#8243; mobile_width=&#8221;0&#8243; width=&#8221;1\/1&#8243;][vc_column_text]How to delete cookies:<\/div>\n<div>Go to Tools (toothed wheel icon) in your browser menu.<\/div>\n<div>Click Internet Properties.<\/div>\n<div>On the General &#8211; Browsing History tab, click Delete.<\/div>\n<div>Be sure to check Cookies and website data.<\/div>\n<div>Click Delete.<\/div>\n<div>Click OK.<\/div>\n<div>[\/vc_column_text][\/vc_column_inner][\/vc_row_inner][vc_empty_space empty_h=&#8221;2&#8243;][vc_row_inner][vc_column_inner column_width_percent=&#8221;90&#8243; gutter_size=&#8221;3&#8243; overlay_alpha=&#8221;50&#8243; shift_x=&#8221;0&#8243; shift_y=&#8221;0&#8243; shift_y_down=&#8221;0&#8243; z_index=&#8221;0&#8243; medium_width=&#8221;0&#8243; mobile_width=&#8221;0&#8243; width=&#8221;1\/1&#8243;][vc_column_text]How to prevent cookies from being stored in your web browser:<\/div>\n<div>Go to Tools (toothed wheel icon) in your browser menu.<\/div>\n<div>Click Internet Options, and then click the Privacy tab.<\/div>\n<div>Move the slider to the desired level. If you want to prevent all cookies from being stored, select the Block all cookies level.<\/div>\n<div>Click OK.<\/div>\n<div>[\/vc_column_text][\/vc_column_inner][\/vc_row_inner][\/vc_accordion_tab][vc_accordion_tab gutter_size=&#8221;2&#8243; column_padding=&#8221;2&#8243; title=&#8221;Managing Cookies in Opera&#8221; tab_id=&#8221;1590475697318-8-7&#8243;][vc_row_inner][vc_column_inner column_width_percent=&#8221;90&#8243; gutter_size=&#8221;3&#8243; overlay_alpha=&#8221;50&#8243; shift_x=&#8221;0&#8243; shift_y=&#8221;0&#8243; shift_y_down=&#8221;0&#8243; z_index=&#8221;0&#8243; medium_width=&#8221;0&#8243; mobile_width=&#8221;0&#8243; width=&#8221;1\/1&#8243;][vc_column_text]How to delete cookies:<\/div>\n<div>Go to Settings in your browser menu.<\/div>\n<div>Select the Privacy and Security tab.<\/div>\n<div>Click Cookies, and then click All cookies and website data.<\/div>\n<div>Select the cookies you&#8217;d like to delete and click Delete. Click Delete all if you want to delete all cookies in your web browser.<\/div>\n<div>Click Done.<\/div>\n<div>Close the window.<\/div>\n<div>[\/vc_column_text][\/vc_column_inner][\/vc_row_inner][vc_empty_space empty_h=&#8221;2&#8243;][vc_row_inner][vc_column_inner column_width_percent=&#8221;90&#8243; gutter_size=&#8221;3&#8243; overlay_alpha=&#8221;50&#8243; shift_x=&#8221;0&#8243; shift_y=&#8221;0&#8243; shift_y_down=&#8221;0&#8243; z_index=&#8221;0&#8243; medium_width=&#8221;0&#8243; mobile_width=&#8221;0&#8243; width=&#8221;1\/1&#8243;][vc_column_text]How to prevent cookies from being stored in your web browser:<\/div>\n<div>Go to Settings in your browser menu.<\/div>\n<div>Select the Privacy and Security tab.<\/div>\n<div>In Cookies, select your preferred option. If you want to prevent all cookies from being stored, click Don&#8217;t allow site data to be saved.<\/div>\n<div>Close the window.<\/div>\n<div>[\/vc_column_text][\/vc_column_inner][\/vc_row_inner][\/vc_accordion_tab][vc_accordion_tab gutter_size=&#8221;2&#8243; column_padding=&#8221;2&#8243; title=&#8221;Contact information&#8221; tab_id=&#8221;1590475882788-8-9&#8243;][vc_custom_heading heading_semantic=&#8221;h3&#8243; text_size=&#8221;h4&#8243; sub_reduced=&#8221;yes&#8221; subheading=&#8221;For greater transparency, if you have any questions regarding the use of the local storage of our website, please contact us CONTACT, indicating in the subject &#8220;Cookie Policy&#8220;.&#8221;][\/vc_custom_heading][\/vc_accordion_tab][\/vc_accordion][\/vc_column][\/vc_row][vc_row][vc_column][vc_column_text]<\/div>\n<p>[\/vc_column_text][\/vc_column][\/vc_row]<\/p>\n","protected":false},"excerpt":{"rendered":"<p>[vc_row][vc_column width=&#8221;1\/1&#8243;][vc_custom_heading]COOKIES POLICY[\/vc_custom_heading][\/vc_column][\/vc_row][vc_row][vc_column width=&#8221;1\/1&#8243;][vc_accordion active_tab=&#8221;1&#8243;][vc_accordion_tab gutter_size=&#8221;2&#8243; column_padding=&#8221;2&#8243; title=&#8221;General Cookie Information&#8221; tab_id=&#8221;1590394928-1-676f25-dc0e&#8221;][vc_custom_heading heading_semantic=&#8221;h3&#8243; text_size=&#8221;h4&#8243; sub_reduced=&#8221;yes&#8221; subheading=&#8221;User trust is important to us, [&hellip;]<\/p>\n","protected":false},"author":1,"featured_media":0,"parent":0,"menu_order":0,"comment_status":"closed","ping_status":"closed","template":"","meta":[],"_links":{"self":[{"href":"https:\/\/demolive.xanasystem.com\/\/en\/wp-json\/wp\/v2\/pages\/103235"}],"collection":[{"href":"https:\/\/demolive.xanasystem.com\/\/en\/wp-json\/wp\/v2\/pages"}],"about":[{"href":"https:\/\/demolive.xanasystem.com\/\/en\/wp-json\/wp\/v2\/types\/page"}],"author":[{"embeddable":true,"href":"https:\/\/demolive.xanasystem.com\/\/en\/wp-json\/wp\/v2\/users\/1"}],"replies":[{"embeddable":true,"href":"https:\/\/demolive.xanasystem.com\/\/en\/wp-json\/wp\/v2\/comments?post=103235"}],"version-history":[{"count":4,"href":"https:\/\/demolive.xanasystem.com\/\/en\/wp-json\/wp\/v2\/pages\/103235\/revisions"}],"predecessor-version":[{"id":107821,"href":"https:\/\/demolive.xanasystem.com\/\/en\/wp-json\/wp\/v2\/pages\/103235\/revisions\/107821"}],"wp:attachment":[{"href":"https:\/\/demolive.xanasystem.com\/\/en\/wp-json\/wp\/v2\/media?parent=103235"}],"curies":[{"name":"wp","href":"https:\/\/api.w.org\/{rel}","templated":true}]}}